{"id":45,"date":"2020-08-13T08:11:24","date_gmt":"2020-08-13T06:11:24","guid":{"rendered":"https:\/\/ingtec.umh.es\/?page_id=45"},"modified":"2021-01-05T08:00:36","modified_gmt":"2021-01-05T07:00:36","slug":"docencia-ingenieria","status":"publish","type":"page","link":"https:\/\/ingtec.umh.es\/ca\/farmacia-y-tec-farmaceutica\/docencia-ingenieria\/","title":{"rendered":"Doc\u00e8ncia en Inenier\u00eda"},"content":{"rendered":"<p>L&#8217;\u00e0rea d&#8217;Enginyeria Agroforestal, impartix doc\u00e8ncia en diferents titulacions de <a href=\"https:\/\/epso.umh.es\/\" target=\"_blank\" rel=\"noopener noreferrer\">l&#8217;Escola Polit\u00e8cnica Superior d&#8217;Orihuela<\/a>.<\/p>\n<p>Grau:<\/p>\n<ul>\n<li><a href=\"http:\/\/ingagroalimentaria.edu.umh.es\/\">Grau en Enginyeria Agroaliment\u00e0ria i Agroambiental<\/a>.<\/li>\n<\/ul>\n<p>M\u00e0sters:<\/p>\n<ul>\n<li><a href=\"http:\/\/masteragronomos.edu.umh.es\/\">M\u00e0ster Universitari en Enginyeria Agron\u00f2mica<\/a>.\u00a0 Habilita per a l&#8217;exercici de la professi\u00f3 d&#8217;Enginyer Agr\u00f2nom (Orde QUET 325\/2009) .<\/li>\n<li><a href=\"https:\/\/www.umh.es\/contenido\/Estudios\/:tit_m_188\/datos_es.html\">M\u00e0ster Universitari en Automatitzaci\u00f3 i Telecontrol per a la Gesti\u00f3 de Recursos H\u00eddrics i Energ\u00e8tic<\/a>.<\/li>\n<li><a href=\"https:\/\/www.umh.es\/contenido\/Estudios\/:tit_m_187\/datos_es.html\">M\u00e0ster Universitari en Gesti\u00f3 i Disseny de Projectes i Instal\u00b7lacions<\/a>.<\/li>\n<\/ul>\n<p><\/p>","protected":false},"excerpt":{"rendered":"<p>L&#8217;\u00e0rea d&#8217;Enginyeria Agroforestal, impartix doc\u00e8ncia en diferents titulacions de l&#8217;Escola Polit\u00e8cnica Superior d&#8217;Orihuela.<br \/>\nGrau:<\/p>\n<p>Grau en Enginyeria Agroaliment\u00e0ria i Agroambiental.<\/p>\n<p>M\u00e0sters:<\/p>\n<p>M\u00e0ster Universitari en Enginyeria Agron\u00f2mica.\u00a0 Habilita per a l&#8217;exercici de la professi\u00f3 d&#8217;Enginyer Agr\u00f2nom (Orde QUET 325\/2009) .<br \/>\nM\u00e0ster Universitari en Automatitzaci\u00f3 i Telecontrol per a la Gesti\u00f3 de Recursos H\u00eddrics i Energ\u00e8tic.<br \/>\nM\u00e0ster Universitari en Gesti\u00f3 i Disseny de [&#8230;]<\/p>\n","protected":false},"author":776,"featured_media":0,"parent":33,"menu_order":0,"comment_status":"closed","ping_status":"closed","template":"","meta":{"_links_to":"","_links_to_target":""},"_links":{"self":[{"href":"https:\/\/ingtec.umh.es\/ca\/wp-json\/wp\/v2\/pages\/45"}],"collection":[{"href":"https:\/\/ingtec.umh.es\/ca\/wp-json\/wp\/v2\/pages"}],"about":[{"href":"https:\/\/ingtec.umh.es\/ca\/wp-json\/wp\/v2\/types\/page"}],"author":[{"embeddable":true,"href":"https:\/\/ingtec.umh.es\/ca\/wp-json\/wp\/v2\/users\/776"}],"replies":[{"embeddable":true,"href":"https:\/\/ingtec.umh.es\/ca\/wp-json\/wp\/v2\/comments?post=45"}],"version-history":[{"count":0,"href":"https:\/\/ingtec.umh.es\/ca\/wp-json\/wp\/v2\/pages\/45\/revisions"}],"up":[{"embeddable":true,"href":"https:\/\/ingtec.umh.es\/ca\/wp-json\/wp\/v2\/pages\/33"}],"wp:attachment":[{"href":"https:\/\/ingtec.umh.es\/ca\/wp-json\/wp\/v2\/media?parent=45"}],"curies":[{"name":"wp","href":"https:\/\/api.w.org\/{rel}","templated":true}]}}