{"id":44,"date":"2020-08-13T08:07:52","date_gmt":"2020-08-13T06:07:52","guid":{"rendered":"https:\/\/ingtec.umh.es\/?page_id=44"},"modified":"2020-12-31T09:31:57","modified_gmt":"2020-12-31T08:31:57","slug":"docencia-farmacia","status":"publish","type":"page","link":"https:\/\/ingtec.umh.es\/ca\/farmacia-y-tec-farmaceutica\/docencia-farmacia\/","title":{"rendered":"Doc\u00e8ncia farm\u00e0cia"},"content":{"rendered":"<p>L&#8217;\u00c0rea de Farm\u00e0cia i Tecnologia Farmac\u00e8utica impartix doc\u00e8ncia fonamentalment en el<a href=\"https:\/\/www.umh.es\/contenido\/Estudios\/:tit_g_136_P1\/datos_es.html\"> Grau de Farm\u00e0cia<\/a>, aix\u00ed com en els seg\u00fcents m\u00e0sters associats a la dita branca de coneixement:<\/p>\n<ul>\n<li>Oficials:\n<ul>\n<li><a href=\"https:\/\/www.master-biotecnologia-bioingenieria.umh.es\/home\" target=\"_blank\" rel=\"noopener noreferrer\">M\u00e0ster en Biotecnologia i Bioenginyeria<\/a><\/li>\n<li><a href=\"https:\/\/www.emotion-master.eu\/\" target=\"_blank\" rel=\"noopener noreferrer\">European M\u00e0ster in Translatinal Cosmetic and Dermatological Sciences<\/a><\/li>\n<\/ul>\n<\/li>\n<li>T\u00edtols propis:\n<ul>\n<li><a href=\"https:\/\/www.umh.es\/contenido\/Estudios\/:tit_fpo_11319\/datos_es.html\" target=\"_blank\" rel=\"noopener noreferrer\">M\u00e0ster propi en Bioequival\u00e8ncia i Farmacometr\u00eda<\/a><\/li>\n<li><a href=\"https:\/\/www.umh.es\/contenido\/Estudios\/:tit_fpo_11155\/datos_es.html\" target=\"_blank\" rel=\"noopener noreferrer\">M\u00e0ster propi en Farmacocin\u00e9tica Cl\u00ednica i Individualitzaci\u00f3 Posol\u00f3gica<\/a><\/li>\n<li><a href=\"https:\/\/www.umh.es\/contenido\/Estudios\/:tit_fpo_11316\/datos_es.html\" target=\"_blank\" rel=\"noopener noreferrer\">M\u00e0ster propi en Dermofarmacia i Cosm\u00e8tica<\/a><\/li>\n<\/ul>\n<\/li>\n<\/ul>\n<p><\/p>","protected":false},"excerpt":{"rendered":"<p>L&#8217;\u00c0rea de Farm\u00e0cia i Tecnologia Farmac\u00e8utica impartix doc\u00e8ncia fonamentalment en el Grau de Farm\u00e0cia, aix\u00ed com en els seg\u00fcents m\u00e0sters associats a la dita branca de coneixement:<\/p>\n<p>Oficials:<\/p>\n<p>M\u00e0ster en Biotecnologia i Bioenginyeria<br \/>\nEuropean M\u00e0ster in Translatinal Cosmetic and Dermatological Sciences<\/p>\n<p>T\u00edtols propis:<\/p>\n<p>M\u00e0ster propi en Bioequival\u00e8ncia i Farmacometr\u00eda<br \/>\nM\u00e0ster propi en Farmacocin\u00e9tica Cl\u00ednica i Individualitzaci\u00f3 Posol\u00f3gica<br \/>\nM\u00e0ster propi en Dermofarmacia i [&#8230;]<\/p>\n","protected":false},"author":776,"featured_media":0,"parent":33,"menu_order":0,"comment_status":"closed","ping_status":"closed","template":"","meta":{"_links_to":"","_links_to_target":""},"_links":{"self":[{"href":"https:\/\/ingtec.umh.es\/ca\/wp-json\/wp\/v2\/pages\/44"}],"collection":[{"href":"https:\/\/ingtec.umh.es\/ca\/wp-json\/wp\/v2\/pages"}],"about":[{"href":"https:\/\/ingtec.umh.es\/ca\/wp-json\/wp\/v2\/types\/page"}],"author":[{"embeddable":true,"href":"https:\/\/ingtec.umh.es\/ca\/wp-json\/wp\/v2\/users\/776"}],"replies":[{"embeddable":true,"href":"https:\/\/ingtec.umh.es\/ca\/wp-json\/wp\/v2\/comments?post=44"}],"version-history":[{"count":0,"href":"https:\/\/ingtec.umh.es\/ca\/wp-json\/wp\/v2\/pages\/44\/revisions"}],"up":[{"embeddable":true,"href":"https:\/\/ingtec.umh.es\/ca\/wp-json\/wp\/v2\/pages\/33"}],"wp:attachment":[{"href":"https:\/\/ingtec.umh.es\/ca\/wp-json\/wp\/v2\/media?parent=44"}],"curies":[{"name":"wp","href":"https:\/\/api.w.org\/{rel}","templated":true}]}}