{"id":41,"date":"2020-08-13T08:03:27","date_gmt":"2020-08-13T06:03:27","guid":{"rendered":"https:\/\/ingtec.umh.es\/?page_id=41"},"modified":"2021-02-04T13:51:36","modified_gmt":"2021-02-04T12:51:36","slug":"investigacion","status":"publish","type":"page","link":"https:\/\/ingtec.umh.es\/ca\/investigacion\/","title":{"rendered":"Investigaci\u00f3"},"content":{"rendered":"<p>El Departament d&#8217;Enginyeria inclou als seg\u00fcents grups d&#8217;investigaci\u00f3:<\/p>\n<ol>\n<li>\u00c0rea d&#8217;Enginyeria Agroforestal:\n<ol>\n<li>Aigua i Energia per a una Agricultura Sostenible: <span style=\"font-weight: 400\"><a href=\"https:\/\/ingtec.umh.es\/grupo-investigacion-aeas\/\">Web<\/a>; <\/span><a href=\"mailto:hpuerto@umh.es\">email de contacte<\/a> .<\/li>\n<li>Materials de construcci\u00f3 a partir de residus vegetals: <a href=\"https:\/\/ingtec.umh.es\/grupo-de-investigacion-en-materiales-de-construccion-a-partir-de-residuos-vegetales\/\">Web<\/a> ; <a href=\"mailto:m.ferrandez@umh.es\">email de contacte<\/a> .<\/li>\n<li>Nous materials de la construcci\u00f3: <a href=\"mailto:jjpastor@umh.es\">email de contacte<\/a>.<\/li>\n<\/ol>\n<\/li>\n<li>\u00c0rea de Farm\u00e0cia i Tecnologia Farmac\u00e8utica:\n<ol>\n<li>Modelitzaci\u00f3 i Simulaci\u00f3 farmacocin\u00e9tica i farmacodin\u00e0mica. Des del desenrotllament de f\u00e0rmacs fins a la individualitzaci\u00f3 farmacoterap\u00e9utica: <a href=\"mailto:jnalda@umh.es\">email de contacte<\/a>.<\/li>\n<li>Optimitzaci\u00f3 Biofarmac\u00e9utica i dissoluci\u00f3 biopredictiva: <a href=\"https:\/\/www.umh.es\/contenido\/Investigacion\/:uor_1020_56\/datos_es.html\">Web<\/a> ; <a href=\"mailto:mbermejo@umh.es\">email de contacte<\/a>.<\/li>\n<li>Disseny i Desenrotllament de Mol\u00e8cules Bioactivas: <a href=\"http:\/\/grupo-ddmb.edu.umh.es\/\">Web<\/a>; <a href=\"mailto:e.barrajon@umh.es\">email de contacte.<\/a><\/li>\n<\/ol>\n<\/li>\n<\/ol>\n<p><\/p>","protected":false},"excerpt":{"rendered":"<p>El Departament d&#8217;Enginyeria inclou als seg\u00fcents grups d&#8217;investigaci\u00f3:<\/p>\n<p>\u00c0rea d&#8217;Enginyeria Agroforestal:<\/p>\n<p>Aigua i Energia per a una Agricultura Sostenible: Web; email de contacte .<br \/>\nMaterials de construcci\u00f3 a partir de residus vegetals: Web ; email de contacte .<br \/>\nNous materials de la construcci\u00f3: email de contacte.<\/p>\n<p>\u00c0rea de Farm\u00e0cia i Tecnologia Farmac\u00e8utica:<\/p>\n<p>Modelitzaci\u00f3 i Simulaci\u00f3 farmacocin\u00e9tica i farmacodin\u00e0mica. Des del desenrotllament [&#8230;]<\/p>\n","protected":false},"author":776,"featured_media":0,"parent":0,"menu_order":0,"comment_status":"closed","ping_status":"closed","template":"","meta":{"_links_to":"","_links_to_target":""},"_links":{"self":[{"href":"https:\/\/ingtec.umh.es\/ca\/wp-json\/wp\/v2\/pages\/41"}],"collection":[{"href":"https:\/\/ingtec.umh.es\/ca\/wp-json\/wp\/v2\/pages"}],"about":[{"href":"https:\/\/ingtec.umh.es\/ca\/wp-json\/wp\/v2\/types\/page"}],"author":[{"embeddable":true,"href":"https:\/\/ingtec.umh.es\/ca\/wp-json\/wp\/v2\/users\/776"}],"replies":[{"embeddable":true,"href":"https:\/\/ingtec.umh.es\/ca\/wp-json\/wp\/v2\/comments?post=41"}],"version-history":[{"count":0,"href":"https:\/\/ingtec.umh.es\/ca\/wp-json\/wp\/v2\/pages\/41\/revisions"}],"wp:attachment":[{"href":"https:\/\/ingtec.umh.es\/ca\/wp-json\/wp\/v2\/media?parent=41"}],"curies":[{"name":"wp","href":"https:\/\/api.w.org\/{rel}","templated":true}]}}