{"id":38,"date":"2020-08-13T08:01:58","date_gmt":"2020-08-13T06:01:58","guid":{"rendered":"https:\/\/ingtec.umh.es\/?page_id=38"},"modified":"2020-12-31T10:14:54","modified_gmt":"2020-12-31T09:14:54","slug":"organos-de-gobierno","status":"publish","type":"page","link":"https:\/\/ingtec.umh.es\/ca\/organos-de-gobierno\/","title":{"rendered":"<span lang=\"es\">(Espa\u00f1ol) \u00d3rganos de gobierno<\/span>"},"content":{"rendered":"<p><span style=\"font-weight: 400\">El Departament d&#8217;Enginyeria compta amb \u00d2rgans de govern tant unipersonals com col\u00b7legiats::<\/span><\/p>\n<ul class=\"directorio\">\n<li><b>DIRECTORA DE DEPARTAMENT<\/b>\n<ul class=\"directorio\">\n<li>ROCAMORA OSORIO, CARMEN<br \/>\nE-mail:\u00a0<a id=\"9A409AC2FF94FA0707BCCF5AE4E7DB4C__419\"><\/a><a href=\"mailto:rocamora@umh.es\"><img title=\"Pulse para ver la direcci\u00f3n de correo\" src=\"https:\/\/ingtec.umh.es\/wp-content\/plugins\/wp_directorio_umh\/images\/email.png\" alt=\"Pulse para ver la direcci\u00f3n de correo\" \/><\/a><br \/>\nTel\u00e8fon: 96 674 9747 &#8211; 96 674 9797 &#8211; 96 674 9653<\/li>\n<\/ul>\n<\/li>\n<li><b>SUBDIRECTORA DE DEPARTAMENT<\/b>\n<ul class=\"directorio\">\n<li>PUERTO MOLINA, HERMINIA MAR\u00cdA<br \/>\nE-mail:\u00a0<a id=\"66B317130B2A1073A69C703AB54D1445__512\"><\/a><a href=\"mailto:hpuerto@umh.es\"><img title=\"Pulse para ver la direcci\u00f3n de correo\" src=\"https:\/\/ingtec.umh.es\/wp-content\/plugins\/wp_directorio_umh\/images\/email.png\" alt=\"Pulse para ver la direcci\u00f3n de correo\" \/><\/a><br \/>\nTel\u00e8fon: 96 674 9726<\/li>\n<\/ul>\n<\/li>\n<li><b>SECRET\u00c0RIA DE DEPARTAMENT<\/b>\n<ul class=\"directorio\">\n<li>GONZ\u00c1LEZ \u00c1LVAREZ, MARIA ISABEL<br \/>\nE-mail:\u00a0<a id=\"985B6BD9CDA2EB1CF114C7DDC8ED604BBAAFC95C74CFE474FF5021F9944A88B9__468\"><\/a><a href=\"mailto:isabel.gonzalez@umh.es\"><img title=\"Pulse para ver la direcci\u00f3n de correo\" src=\"https:\/\/ingtec.umh.es\/wp-content\/plugins\/wp_directorio_umh\/images\/email.png\" alt=\"Pulse para ver la direcci\u00f3n de correo\" \/><\/a><br \/>\nTel\u00e8fon: 96 591 9294<\/li>\n<\/ul>\n<\/li>\n<\/ul>\n<hr \/>\n<p><strong>Consell Departament:<\/strong><\/p>\n<ul>\n<li>ABAD\u00cdA S\u00c1NCHEZ, RICARDO.<\/li>\n<li>ANDREU RODR\u00cdGUEZ, FRANCISCO JAVIER.<\/li>\n<li>AZNAR SALIENTE, MAR\u00cdA TERESA.<\/li>\n<li>BARRAJ\u00d3N CATAL\u00c1N, ENRIQUE.<\/li>\n<li>BERMEJO SANZ, MAR\u00cdA DEL VAL.<\/li>\n<li>BERNAL ALARC\u00d3N, FRANCISCO.<\/li>\n<li>BONILLA PE\u00d1ARRUBIA, RODRIGO.<\/li>\n<li>FERR\u00c1NDEZ GARCIA, MAR\u00cdA TERESA.<\/li>\n<li>FERR\u00c1NDEZ-VILLENA GARC\u00cdA, MANUEL.<\/li>\n<li>FLORES YEPES, JOSE ANTONIO.<\/li>\n<li>FUSTER RUIZ DE APODACA, ROSA.<\/li>\n<li>GARC\u00cdA HIDALGO, TERESA.<\/li>\n<li>GONZ\u00c1LEZ ALV\u00c1REZ, MARIA ISABEL.<\/li>\n<li>GONZ\u00c1LEZ ALV\u00c1REZ, MARTA.<\/li>\n<li>LOPEZ PINTOR, ELSA.<\/li>\n<li>MART\u00cdNEZ GABARR\u00d3N, ANTONIO.<\/li>\n<li>SOLER PEREZ, MIREYA.<\/li>\n<li>NALDA MOLINA, JOS\u00c9 RICARDO.<\/li>\n<li>NAVARRO RUIZ, ANDRES.<\/li>\n<li>PASTOR P\u00c9REZ, JOAQU\u00cdN JULI\u00c1N.<\/li>\n<li>PELL\u00cdN AMOR\u00d3S, MAR\u00cdA.<\/li>\n<li>POL YANGUAS, EMILIO.<\/li>\n<li>POLACHE VENGUD, JOSEFA.<\/li>\n<li>PUERTO MOLINA, HERMINIA MAR\u00cdA.<\/li>\n<li>RAM\u00d3N L\u00d3PEZ, AMELIA.<\/li>\n<li>ROCAMORA OSORIO, CARMEN.<\/li>\n<li>RODR\u00cdGUEZ FERN\u00c1NDEZ, JES\u00daS.<\/li>\n<li>RUIZ CANALES, ANTONIO.<\/li>\n<li>TALENS BOLOS, MAR\u00cdA AMPARO.<\/li>\n<\/ul>\n<hr \/>\n<p><strong>Consell Direcci\u00f3:<\/strong><\/p>\n<ul>\n<li>ROCAMORA OSORIO, CARMEN.<\/li>\n<li>GONZ\u00c1LEZ ALV\u00c1REZ, MAR\u00cdA ISABEL.<\/li>\n<li>PUERTO MOLINA, HERMINIA MAR\u00cdA.<\/li>\n<li>ABAD\u00cdA SANCHEZ, RICARDO.<\/li>\n<li>ANDREU RODR\u00cdGUEZ, FRANCISCO JAVIER.<\/li>\n<li>BERMEJO SANZ, MAR\u00cdA DEL VAL.<\/li>\n<li>FERR\u00c1NDEZ-VILLENA GARC\u00cdA, MANUEL.<\/li>\n<li>PASTOR PEREZ, JOAQU\u00cdN JULI\u00c1N.<\/li>\n<li>RUIZ CANALES, ANTONIO.<\/li>\n<li>BARRAJ\u00d3N CATAL\u00c1N, ENRIQUE.<\/li>\n<li>RAM\u00d3N L\u00d3PEZ, AMELIA.<\/li>\n<\/ul>\n<p><\/p>","protected":false},"excerpt":{"rendered":"<p>El Departament d&#8217;Enginyeria compta amb \u00d2rgans de govern tant unipersonals com col\u00b7legiats::<\/p>\n<p>DIRECTORA DE DEPARTAMENT<\/p>\n<p>ROCAMORA OSORIO, CARMEN<br \/>\nE-mail:\u00a0<br \/>\nTel\u00e8fon: 96 674 9747 &#8211; 96 674 9797 &#8211; 96 674 9653<\/p>\n<p>SUBDIRECTORA DE DEPARTAMENT<\/p>\n<p>PUERTO MOLINA, HERMINIA MAR\u00cdA<br \/>\nE-mail:\u00a0<br \/>\nTel\u00e8fon: 96 674 9726<\/p>\n<p>SECRET\u00c0RIA DE DEPARTAMENT<\/p>\n<p>GONZ\u00c1LEZ \u00c1LVAREZ, MARIA ISABEL<br \/>\nE-mail:\u00a0<br \/>\nTel\u00e8fon: 96 591 9294<\/p>\n<p>Consell Departament:<\/p>\n<p>ABAD\u00cdA S\u00c1NCHEZ, RICARDO.<br \/>\nANDREU RODR\u00cdGUEZ, FRANCISCO JAVIER.<br \/>\nAZNAR SALIENTE, MAR\u00cdA TERESA.<br \/>\nBARRAJ\u00d3N CATAL\u00c1N, ENRIQUE.<br \/>\nBERMEJO SANZ, [&#8230;]<\/p>\n","protected":false},"author":776,"featured_media":0,"parent":0,"menu_order":0,"comment_status":"closed","ping_status":"closed","template":"","meta":{"_links_to":"","_links_to_target":""},"_links":{"self":[{"href":"https:\/\/ingtec.umh.es\/ca\/wp-json\/wp\/v2\/pages\/38"}],"collection":[{"href":"https:\/\/ingtec.umh.es\/ca\/wp-json\/wp\/v2\/pages"}],"about":[{"href":"https:\/\/ingtec.umh.es\/ca\/wp-json\/wp\/v2\/types\/page"}],"author":[{"embeddable":true,"href":"https:\/\/ingtec.umh.es\/ca\/wp-json\/wp\/v2\/users\/776"}],"replies":[{"embeddable":true,"href":"https:\/\/ingtec.umh.es\/ca\/wp-json\/wp\/v2\/comments?post=38"}],"version-history":[{"count":0,"href":"https:\/\/ingtec.umh.es\/ca\/wp-json\/wp\/v2\/pages\/38\/revisions"}],"wp:attachment":[{"href":"https:\/\/ingtec.umh.es\/ca\/wp-json\/wp\/v2\/media?parent=38"}],"curies":[{"name":"wp","href":"https:\/\/api.w.org\/{rel}","templated":true}]}}