{"id":33,"date":"2020-08-13T07:50:22","date_gmt":"2020-08-13T05:50:22","guid":{"rendered":"https:\/\/ingtec.umh.es\/?page_id=33"},"modified":"2020-12-31T09:23:19","modified_gmt":"2020-12-31T08:23:19","slug":"farmacia-y-tec-farmaceutica","status":"publish","type":"page","link":"https:\/\/ingtec.umh.es\/ca\/farmacia-y-tec-farmaceutica\/","title":{"rendered":"Doc\u00e8ncia"},"content":{"rendered":"<p>El Departament d&#8217;Enginyeria inclou en la seua estructura dos \u00e0rees de coneixement, la d&#8217;Enginyeria Agroforestal i la de Farm\u00e0cia i Tecnologia Farmac\u00e8utica.<\/p>\n<p>Cada una d&#8217;elles participa en la doc\u00e8ncia dels cursos de grau i postgrau associats a les seues respectives \u00e0rees de coneixement:<\/p>\n<ul>\n<li><a href=\"https:\/\/ingtec.umh.es\/farmacia-y-tec-farmaceutica\/docencia-ingenieria\/\">\u00c0rea Enginyeria Agroforestal.<\/a><\/li>\n<li><a href=\"https:\/\/ingtec.umh.es\/farmacia-y-tec-farmaceutica\/docencia-farmacia\/\">\u00c0rea Farm\u00e0cia i Tecnologia Farmac\u00e8utica.<\/a><\/li>\n<\/ul>\n<p><\/p>","protected":false},"excerpt":{"rendered":"<p>El Departament d&#8217;Enginyeria inclou en la seua estructura dos \u00e0rees de coneixement, la d&#8217;Enginyeria Agroforestal i la de Farm\u00e0cia i Tecnologia Farmac\u00e8utica.<br \/>\nCada una d&#8217;elles participa en la doc\u00e8ncia dels cursos de grau i postgrau associats a les seues respectives \u00e0rees de coneixement:<\/p>\n<p>\u00c0rea Enginyeria Agroforestal.<br \/>\n\u00c0rea Farm\u00e0cia i Tecnologia Farmac\u00e8utica.<\/p>\n","protected":false},"author":776,"featured_media":0,"parent":0,"menu_order":0,"comment_status":"closed","ping_status":"closed","template":"","meta":{"_links_to":"","_links_to_target":""},"_links":{"self":[{"href":"https:\/\/ingtec.umh.es\/ca\/wp-json\/wp\/v2\/pages\/33"}],"collection":[{"href":"https:\/\/ingtec.umh.es\/ca\/wp-json\/wp\/v2\/pages"}],"about":[{"href":"https:\/\/ingtec.umh.es\/ca\/wp-json\/wp\/v2\/types\/page"}],"author":[{"embeddable":true,"href":"https:\/\/ingtec.umh.es\/ca\/wp-json\/wp\/v2\/users\/776"}],"replies":[{"embeddable":true,"href":"https:\/\/ingtec.umh.es\/ca\/wp-json\/wp\/v2\/comments?post=33"}],"version-history":[{"count":0,"href":"https:\/\/ingtec.umh.es\/ca\/wp-json\/wp\/v2\/pages\/33\/revisions"}],"wp:attachment":[{"href":"https:\/\/ingtec.umh.es\/ca\/wp-json\/wp\/v2\/media?parent=33"}],"curies":[{"name":"wp","href":"https:\/\/api.w.org\/{rel}","templated":true}]}}