{"id":17,"date":"2020-07-14T11:46:21","date_gmt":"2020-07-14T09:46:21","guid":{"rendered":"http:\/\/ingtec.zeus.umh.es\/?page_id=17"},"modified":"2020-12-31T09:59:20","modified_gmt":"2020-12-31T08:59:20","slug":"home","status":"publish","type":"page","link":"https:\/\/ingtec.umh.es\/ca\/","title":{"rendered":"Home"},"content":{"rendered":"<p>El Departamento de Ingenier\u00eda de la Universitat Miguel Hern\u00e1ndez consta de dos seccions diferentes: Ingenier\u00eda Agroforestal i Farm\u00e0cia i Tecnologia Farmac\u00e8utica.<\/p>\n<p>La secci\u00f3 de Ingenier\u00eda Agroforestal, ubicada en el campus d&#8217;Orihuela (Desamparados) , \u00e9s responsable de la doc\u00e8ncia de les compet\u00e8ncies principals de ingenier\u00eda en el Grau en Ingenier\u00eda Agroalimentaria i Agroambiental i programes de postgrau conduents a t\u00edtols de M\u00e0ster i Doctorat, directament relacionades amb la ingenier\u00eda en el sector agr\u00edcola i de la ind\u00fastria agroaliment\u00e0ria, com ara Hidr\u00e0ulica, Sistemes de reg, Electrificaci\u00f3 rural, Mecanitzaci\u00f3, Estructures, Edificis agr\u00edcoles, Instal\u00b7lacions agr\u00edcoles i de Projectes de Ingenier\u00eda. La nostra activitat investigadora se centra en quatre \u00e0rees principals: l&#8217;estudi i an\u00e0lisi de l&#8217;efici\u00e8ncia en l&#8217;\u00fas de l&#8217;aigua i l&#8217;energia en l&#8217;agricultura, l&#8217;ocupaci\u00f3 de residus vegetals com a materials de construcci\u00f3, l&#8217;\u00fas de nous materials de construcci\u00f3 per a la protecci\u00f3 contra incendis i el desenrotllament de projectes en la ind\u00fastria agr\u00edcola i aliment\u00e0ria.<\/p>\n<p>La secci\u00f3 de Farm\u00e0cia i Tecnologia Farmac\u00e8utica, en el campus de Sant Joan d&#039;Alacant, \u00e9s responsable de la doc\u00e8ncia de grau en les compet\u00e8ncies b\u00e0siques principals en el pla d&#8217;estudis de Farm\u00e0cia, com Farmacocin\u00e9tica i Biofarmacia, Tecnologia Farmac\u00e8utica, Atenci\u00f3 Farmac\u00e8utica, Reglaments i Legislaci\u00f3 Farmac\u00e8utica, Gesti\u00f3 de farm\u00e0cia i Farm\u00e0cia Cl\u00ednica. La secci\u00f3 oferix formaci\u00f3 de postgrau conduent a un t\u00edtol de doctorat en els camps de Farmacocin\u00e9tica i Biofarmacia aplicats al desenrotllament cl\u00ednic i precl\u00ednic de medicaments. La nostra investigaci\u00f3 se centra en tres \u00e0rees principals: l&#8217;optimitzaci\u00f3 de models precl\u00ednics per a predir la farmacocin\u00e9tica del medicament, el modelatge i simulaci\u00f3 en biomedicina, en particular per a la simulaci\u00f3 d&#8217;assajos cl\u00ednica i an\u00e0lisi de poblaci\u00f3 PK-PD i l&#8217;atenci\u00f3 farmac\u00e8utica i l&#8217;optimitzaci\u00f3 de la ter\u00e0pia del pacient.<\/p>","protected":false},"excerpt":{"rendered":"<p>El Departamento de Ingenier\u00eda de la Universitat Miguel Hern\u00e1ndez consta de dos seccions diferentes: Ingenier\u00eda Agroforestal i Farm\u00e0cia i Tecnologia Farmac\u00e8utica.<br \/>\nLa secci\u00f3 de Ingenier\u00eda Agroforestal, ubicada en el campus d&#8217;Orihuela (Desamparados) , \u00e9s responsable de la doc\u00e8ncia de les compet\u00e8ncies principals de ingenier\u00eda en el Grau en Ingenier\u00eda Agroalimentaria i Agroambiental i programes de postgrau [&#8230;]<\/p>\n","protected":false},"author":3457,"featured_media":0,"parent":0,"menu_order":0,"comment_status":"closed","ping_status":"closed","template":"","meta":{"_links_to":"","_links_to_target":""},"_links":{"self":[{"href":"https:\/\/ingtec.umh.es\/ca\/wp-json\/wp\/v2\/pages\/17"}],"collection":[{"href":"https:\/\/ingtec.umh.es\/ca\/wp-json\/wp\/v2\/pages"}],"about":[{"href":"https:\/\/ingtec.umh.es\/ca\/wp-json\/wp\/v2\/types\/page"}],"author":[{"embeddable":true,"href":"https:\/\/ingtec.umh.es\/ca\/wp-json\/wp\/v2\/users\/3457"}],"replies":[{"embeddable":true,"href":"https:\/\/ingtec.umh.es\/ca\/wp-json\/wp\/v2\/comments?post=17"}],"version-history":[{"count":0,"href":"https:\/\/ingtec.umh.es\/ca\/wp-json\/wp\/v2\/pages\/17\/revisions"}],"wp:attachment":[{"href":"https:\/\/ingtec.umh.es\/ca\/wp-json\/wp\/v2\/media?parent=17"}],"curies":[{"name":"wp","href":"https:\/\/api.w.org\/{rel}","templated":true}]}}