{"id":156,"date":"2021-02-04T13:46:52","date_gmt":"2021-02-04T12:46:52","guid":{"rendered":"https:\/\/ingtec.umh.es\/?page_id=156"},"modified":"2021-02-04T13:53:49","modified_gmt":"2021-02-04T12:53:49","slug":"grupo-investigacion-aeas","status":"publish","type":"page","link":"https:\/\/ingtec.umh.es\/ca\/grupo-investigacion-aeas\/","title":{"rendered":"Grup investigaci\u00f3 AEAS"},"content":{"rendered":"<p><img loading=\"lazy\" class=\"size-medium wp-image-159 alignleft\" src=\"https:\/\/ingtec.umh.es\/files\/2021\/02\/grupo-AEAS-300x225.png\" alt=\"\" width=\"300\" height=\"225\" \/>El Grup d&#8217;Investigaci\u00f3 Aigua i Energia per a una Agricultura Sostenible (*AEAS) \u00e9s un grup d&#8217;investigaci\u00f3 consolidat de la Universitat Miguel Hern\u00e1ndez que centra la seua activitat en la millora de l&#8217;efici\u00e8ncia de l&#8217;\u00fas de l&#8217;aigua i de l&#8217;energia en aplicacions agr\u00e0ries.<\/p>\n<p>L&#8217;aigua i l&#8217;energia s\u00f3n els principals recursos per al desenvolupament econ\u00f2mic, social i mediambiental d&#8217;un territori. Tant la producci\u00f3 de regadiu com la producci\u00f3 sota hivernacle s\u00f3n sistemes de cultiu amb gran pes econ\u00f2mic a la prov\u00edncia d&#8217;Alacant i indispensables en les estrat\u00e8gies d&#8217;intensificaci\u00f3 sostenible de la producci\u00f3 agr\u00edcola i la seua contribuci\u00f3 als Objectius de Desenvolupament Sostenible per mitj\u00e0 de l&#8217;agricultura clim\u00e0ticament intel\u00b7ligent.<\/p>\n<p>MEMBRES DEL GRUP D&#8217;INVESTIGACI\u00d3<br \/>\n\u2022 Port Molina, Herminia\u00a0 Mar\u00eda (Directora)<br \/>\n\u2022 Abadia S\u00e1nchez, Ricardo<br \/>\n\u2022 C\u00e1mara Zapata, Jos\u00e9 \u2013 Mar\u00eda<br \/>\n\u2022 Meli\u00e1n Navarro, Mar\u00eda dels Desemparats<br \/>\n\u2022 Rocamora *Osorio, Carmen<br \/>\n\u2022 Ruiz Canales, Antonio<\/p>\n<p>L\u00cdNIES D&#8217;INVESTIGACI\u00d3<br \/>\n&#8211; Gesti\u00f3 de l&#8217;energia: Gesti\u00f3 de l&#8217;energia i energies renovables: Optimitzaci\u00f3 de l&#8217;\u00fas de l&#8217;energia, Sistemes clim\u00e0tics eficients per a la protecci\u00f3 i millora del medi ambient, la millora de la qualitat i la producci\u00f3 agroaliment\u00e0ria.<br \/>\n&#8211; Gesti\u00f3 de recursos h\u00eddrics: Governan\u00e7a de l&#8217;aigua, sociologia i pol\u00edtica de la gesti\u00f3 de l&#8217;aigua.<br \/>\n&#8211; Gesti\u00f3 del reg: Gesti\u00f3 de l&#8217;aigua de reg, sostenibilitat i \u00fas de recursos no convencionals. Modelitzaci\u00f3 de cultius, resposta productiva a estressos abi\u00f2tics: temperatura, salinitat, estr\u00e9s h\u00eddric, radiaci\u00f3, metalls pesants, toxicitat, CO\u2082.<br \/>\n&#8211; Digitalitzaci\u00f3 de l&#8217;agricultura: Tecnologies *Big Data, Sistemes de suport a la decisi\u00f3,Teledetecci\u00f3 i Intel\u00b7lig\u00e8ncia artificial (*IA) aplicada a l&#8217;agricultura. Tics aplicades a la gesti\u00f3 de l&#8217;aigua.<\/p>","protected":false},"excerpt":{"rendered":"<p>El Grup d&#8217;Investigaci\u00f3 Aigua i Energia per a una Agricultura Sostenible (*AEAS) \u00e9s un grup d&#8217;investigaci\u00f3 consolidat de la Universitat Miguel Hern\u00e1ndez que centra la seua activitat en la millora de l&#8217;efici\u00e8ncia de l&#8217;\u00fas de l&#8217;aigua i de l&#8217;energia en aplicacions agr\u00e0ries.<br \/>\nL&#8217;aigua i l&#8217;energia s\u00f3n els principals recursos per al desenvolupament econ\u00f2mic, social i mediambiental [&#8230;]<\/p>\n","protected":false},"author":776,"featured_media":0,"parent":0,"menu_order":0,"comment_status":"closed","ping_status":"closed","template":"","meta":{"_links_to":"","_links_to_target":""},"_links":{"self":[{"href":"https:\/\/ingtec.umh.es\/ca\/wp-json\/wp\/v2\/pages\/156"}],"collection":[{"href":"https:\/\/ingtec.umh.es\/ca\/wp-json\/wp\/v2\/pages"}],"about":[{"href":"https:\/\/ingtec.umh.es\/ca\/wp-json\/wp\/v2\/types\/page"}],"author":[{"embeddable":true,"href":"https:\/\/ingtec.umh.es\/ca\/wp-json\/wp\/v2\/users\/776"}],"replies":[{"embeddable":true,"href":"https:\/\/ingtec.umh.es\/ca\/wp-json\/wp\/v2\/comments?post=156"}],"version-history":[{"count":0,"href":"https:\/\/ingtec.umh.es\/ca\/wp-json\/wp\/v2\/pages\/156\/revisions"}],"wp:attachment":[{"href":"https:\/\/ingtec.umh.es\/ca\/wp-json\/wp\/v2\/media?parent=156"}],"curies":[{"name":"wp","href":"https:\/\/api.w.org\/{rel}","templated":true}]}}