{"id":114,"date":"2020-12-30T19:43:22","date_gmt":"2020-12-30T18:43:22","guid":{"rendered":"https:\/\/ingtec.umh.es\/?page_id=114"},"modified":"2021-01-07T09:37:44","modified_gmt":"2021-01-07T08:37:44","slug":"grupo-de-investigacion-en-materiales-de-construccion-a-partir-de-residuos-vegetales","status":"publish","type":"page","link":"https:\/\/ingtec.umh.es\/ca\/investigacion\/grupo-de-investigacion-en-materiales-de-construccion-a-partir-de-residuos-vegetales\/","title":{"rendered":"GRUP D&#8217;INVESTIGACI\u00d3 GICOMVEG"},"content":{"rendered":"<p><img loading=\"lazy\" class=\"alignnone wp-image-123\" src=\"https:\/\/ingtec.umh.es\/files\/2020\/12\/grupo-cons-res-veg-1-300x84.jpg\" alt=\"Logotipo grupo investigaci\u00f3n\" width=\"404\" height=\"113\" srcset=\"https:\/\/ingtec.umh.es\/files\/2020\/12\/grupo-cons-res-veg-1-300x84.jpg 300w, https:\/\/ingtec.umh.es\/files\/2020\/12\/grupo-cons-res-veg-1-768x216.jpg 768w, https:\/\/ingtec.umh.es\/files\/2020\/12\/grupo-cons-res-veg-1-1024x288.jpg 1024w, https:\/\/ingtec.umh.es\/files\/2020\/12\/grupo-cons-res-veg-1.jpg 1280w\" sizes=\"(max-width: 404px) 100vw, 404px\" \/><\/p>\n<p>El grup va comen\u00e7ar la seua activitat conjunta fa 11 anys i t\u00e9 com a objectius l&#8217;obtindre materials de construcci\u00f3 a partir de residus vegetals, amb menor consum energ\u00e8tic en la seua fabricaci\u00f3 i f\u00e0cil reciclatge en la seua destrucci\u00f3.<\/p>\n<p>Estos objectius es plantegen pel fet que la construcci\u00f3 \u00e9s una part fonamental en el problema del desenrotllament sostenible. En l&#8217;avaluaci\u00f3 d&#8217;una construcci\u00f3 s&#8217;ha de realitzar un balan\u00e7 energ\u00e8tic global, incloent no sols la fase de vida \u00fatil de l&#8217;edifici, sin\u00f3 tot el seu proc\u00e9s constructiu, des de l&#8217;extracci\u00f3 dels materials, la seua elaboraci\u00f3 industrial, la seua posada en obra, el seu \u00fas, el seu reciclatge i la seua destrucci\u00f3; la qual cosa es denomina Cicle de Vida. En este cas, el balan\u00e7 energ\u00e8tic global i la seua equival\u00e8ncia en contaminaci\u00f3 ambiental porta a una an\u00e0lisi detallat dels materials de construcci\u00f3, i per tant, a la utilitzaci\u00f3 d&#8217;aquells menys costosos en termes energ\u00e8tics, o en el seu equivalent en contaminaci\u00f3 ambiental.<\/p>\n<h4>MEMBRES DEL GRUP D&#8217;INVESTIGACI\u00d3<\/h4>\n<ul>\n<li>Ferr\u00e1ndez-Villena Garc\u00eda, Manuel<\/li>\n<li>Ferr\u00e1ndez-Garc\u00eda, M\u00aa Teresa<\/li>\n<li>Col\u00b7laboradors externs:\n<ul>\n<li>Garc\u00cda Ortu\u00f1o, Teresa<\/li>\n<li>Ferr\u00e1ndez Garc\u00eda, Clara Eugenia<\/li>\n<li>Ferr\u00e1ndez Garc\u00cda, Antonio<\/li>\n<\/ul>\n<\/li>\n<\/ul>\n<h4>L\u00cdNIES D&#8217;INVESTIGACI\u00d3<\/h4>\n<p>Les principals l\u00ednies d&#8217;investigaci\u00f3 del grup s\u00f3n les seg\u00fcents:<\/p>\n<ul>\n<li>Disseny de nous materials a partir de residus vegetals. An\u00e0lisi de les seues propietats t\u00e8rmiques i ac\u00fastiques. Assajos segons normes EN. Estudis en comparaci\u00f3 amb materials a\u00efllants comercials.<\/li>\n<li>El disseny i caracteritzaci\u00f3 de nous materials a base de productes fusters no forestals, per a l&#8217;aplicaci\u00f3 en obres d&#8217;edificaci\u00f3. Avaluar les seues propietats respecte a altres materials d&#8217;\u00fas habitual com a elements constructius com ara fustes, taulers de part\u00edcules, de fibres OSB, etc.<\/li>\n<li>An\u00e0lisi de processos de fabricaci\u00f3 amb distintes possibilitats i mitjans Assajos des del punt de vista de resist\u00e8ncia mec\u00e0nica, aplicaci\u00f3 de normatives per a assajos destructius.<\/li>\n<\/ul>\n<p><\/p>","protected":false},"excerpt":{"rendered":"<p>El grup va comen\u00e7ar la seua activitat conjunta fa 11 anys i t\u00e9 com a objectius l&#8217;obtindre materials de construcci\u00f3 a partir de residus vegetals, amb menor consum energ\u00e8tic en la seua fabricaci\u00f3 i f\u00e0cil reciclatge en la seua destrucci\u00f3.<br \/>\nEstos objectius es plantegen pel fet que la construcci\u00f3 \u00e9s una part fonamental en el problema [&#8230;]<\/p>\n","protected":false},"author":776,"featured_media":0,"parent":41,"menu_order":0,"comment_status":"closed","ping_status":"closed","template":"","meta":{"_links_to":"","_links_to_target":""},"_links":{"self":[{"href":"https:\/\/ingtec.umh.es\/ca\/wp-json\/wp\/v2\/pages\/114"}],"collection":[{"href":"https:\/\/ingtec.umh.es\/ca\/wp-json\/wp\/v2\/pages"}],"about":[{"href":"https:\/\/ingtec.umh.es\/ca\/wp-json\/wp\/v2\/types\/page"}],"author":[{"embeddable":true,"href":"https:\/\/ingtec.umh.es\/ca\/wp-json\/wp\/v2\/users\/776"}],"replies":[{"embeddable":true,"href":"https:\/\/ingtec.umh.es\/ca\/wp-json\/wp\/v2\/comments?post=114"}],"version-history":[{"count":0,"href":"https:\/\/ingtec.umh.es\/ca\/wp-json\/wp\/v2\/pages\/114\/revisions"}],"up":[{"embeddable":true,"href":"https:\/\/ingtec.umh.es\/ca\/wp-json\/wp\/v2\/pages\/41"}],"wp:attachment":[{"href":"https:\/\/ingtec.umh.es\/ca\/wp-json\/wp\/v2\/media?parent=114"}],"curies":[{"name":"wp","href":"https:\/\/api.w.org\/{rel}","templated":true}]}}